{"id":583,"date":"2025-07-30T16:16:01","date_gmt":"2025-07-30T16:16:01","guid":{"rendered":"https:\/\/websites.wire.art.br\/vjautomacao\/?page_id=583"},"modified":"2025-08-07T16:37:58","modified_gmt":"2025-08-07T16:37:58","slug":"materiais","status":"publish","type":"page","link":"https:\/\/vjautomacao.com.br\/en\/materiais\/","title":{"rendered":"Resources"},"content":{"rendered":"<div data-elementor-type=\"wp-page\" data-elementor-id=\"583\" class=\"elementor elementor-583\" data-elementor-post-type=\"page\">\n\t\t\t\t<div class=\"elementor-element elementor-element-88c0171 e-flex e-con-boxed e-con e-parent\" data-id=\"88c0171\" data-element_type=\"container\" data-e-type=\"container\" data-settings=\"{&quot;background_background&quot;:&quot;classic&quot;}\">\n\t\t\t\t\t<div class=\"e-con-inner\">\n\t\t<div class=\"elementor-element elementor-element-0ee073f e-con-full e-grid e-con e-child\" data-id=\"0ee073f\" data-element_type=\"container\" data-e-type=\"container\">\n\t\t<div class=\"elementor-element elementor-element-42fe018 e-con-full e-flex e-con e-child\" data-id=\"42fe018\" data-element_type=\"container\" data-e-type=\"container\" data-settings=\"{&quot;background_background&quot;:&quot;classic&quot;}\">\n\t\t\t\t<div class=\"elementor-element elementor-element-e979a74 elementor-widget__width-initial elementor-widget elementor-widget-heading\" data-id=\"e979a74\" data-element_type=\"widget\" data-e-type=\"widget\" data-widget_type=\"heading.default\">\n\t\t\t\t\t<h1 class=\"elementor-heading-title elementor-size-default\">Technical and strategic resources for your digital journey<\/h1>\t\t\t\t<\/div>\n\t\t\t\t<div class=\"elementor-element elementor-element-d6814f2 elementor-widget__width-initial elementor-widget elementor-widget-heading\" data-id=\"d6814f2\" data-element_type=\"widget\" data-e-type=\"widget\" data-widget_type=\"heading.default\">\n\t\t\t\t\t<h2 class=\"elementor-heading-title elementor-size-default\">Download guides, e-books, and diagnostics focused on Industry 4.0<\/h2>\t\t\t\t<\/div>\n\t\t\t\t<div class=\"elementor-element elementor-element-b7455c3 elementor-widget elementor-widget-text-editor\" data-id=\"b7455c3\" data-element_type=\"widget\" data-e-type=\"widget\" data-widget_type=\"text-editor.default\">\n\t\t\t\t\t\t\t\t\t<p>We offer exclusive content to support the modernization of industrial processes and data-driven decision-making.<\/p><p>These free materials are developed by our technical team with over 20 years of experience in automation and digital transformation.<\/p>\t\t\t\t\t\t\t\t<\/div>\n\t\t\t\t<\/div>\n\t\t\t\t<div class=\"elementor-element elementor-element-b00073d elementor-widget elementor-widget-image\" data-id=\"b00073d\" data-element_type=\"widget\" data-e-type=\"widget\" data-widget_type=\"image.default\">\n\t\t\t\t\t\t\t\t\t\t\t\t\t\t\t<img fetchpriority=\"high\" decoding=\"async\" width=\"552\" height=\"435\" src=\"https:\/\/vjautomacao.com.br\/wp-content\/uploads\/2025\/08\/image-s2.png\" class=\"attachment-large size-large wp-image-949\" alt=\"\" srcset=\"https:\/\/vjautomacao.com.br\/wp-content\/uploads\/2025\/08\/image-s2.png 552w, https:\/\/vjautomacao.com.br\/wp-content\/uploads\/2025\/08\/image-s2-300x236.png 300w, https:\/\/vjautomacao.com.br\/wp-content\/uploads\/2025\/08\/image-s2-15x12.png 15w\" sizes=\"(max-width: 552px) 100vw, 552px\" \/>\t\t\t\t\t\t\t\t\t\t\t\t\t\t\t<\/div>\n\t\t\t\t<\/div>\n\t\t\t\t\t<\/div>\n\t\t\t\t<\/div>\n\t\t<div class=\"elementor-element elementor-element-ce534c9 e-flex e-con-boxed e-con e-parent\" data-id=\"ce534c9\" data-element_type=\"container\" data-e-type=\"container\">\n\t\t\t\t\t<div class=\"e-con-inner\">\n\t\t<div class=\"elementor-element elementor-element-14732f6 e-con-full e-flex e-con e-child\" data-id=\"14732f6\" data-element_type=\"container\" data-e-type=\"container\">\n\t\t\t\t<div class=\"elementor-element elementor-element-b645b8d elementor-grid-2 elementor-grid-tablet-2 elementor-grid-mobile-1 elementor-widget elementor-widget-loop-grid\" data-id=\"b645b8d\" data-element_type=\"widget\" data-e-type=\"widget\" data-settings=\"{&quot;template_id&quot;:587,&quot;pagination_type&quot;:&quot;numbers&quot;,&quot;columns&quot;:2,&quot;_skin&quot;:&quot;post&quot;,&quot;columns_tablet&quot;:&quot;2&quot;,&quot;columns_mobile&quot;:&quot;1&quot;,&quot;edit_handle_selector&quot;:&quot;[data-elementor-type=\\&quot;loop-item\\&quot;]&quot;,&quot;pagination_load_type&quot;:&quot;page_reload&quot;,&quot;row_gap&quot;:{&quot;unit&quot;:&quot;px&quot;,&quot;size&quot;:&quot;&quot;,&quot;sizes&quot;:[]},&quot;row_gap_tablet&quot;:{&quot;unit&quot;:&quot;px&quot;,&quot;size&quot;:&quot;&quot;,&quot;sizes&quot;:[]},&quot;row_gap_mobile&quot;:{&quot;unit&quot;:&quot;px&quot;,&quot;size&quot;:&quot;&quot;,&quot;sizes&quot;:[]}}\" data-widget_type=\"loop-grid.post\">\n\t\t\t\t\t\t\t<div class=\"e-loop-nothing-found-message\">\n\t\t<\/div>\n\t\t\t\t\t\t<\/div>\n\t\t\t\t<\/div>\n\t\t\t\t\t<\/div>\n\t\t\t\t<\/div>\n\t\t<div class=\"elementor-element elementor-element-59da65aa e-flex e-con-boxed e-con e-parent\" data-id=\"59da65aa\" data-element_type=\"container\" data-e-type=\"container\" data-settings=\"{&quot;background_background&quot;:&quot;classic&quot;}\">\n\t\t\t\t\t<div class=\"e-con-inner\">\n\t\t\t\t<div class=\"elementor-element elementor-element-4822f7c2 elementor-widget elementor-widget-heading\" data-id=\"4822f7c2\" data-element_type=\"widget\" data-e-type=\"widget\" data-widget_type=\"heading.default\">\n\t\t\t\t\t<h2 class=\"elementor-heading-title elementor-size-default\">Ready to automate your industry?<\/h2>\t\t\t\t<\/div>\n\t\t\t\t<div class=\"elementor-element elementor-element-27a48eeb elementor-widget elementor-widget-text-editor\" data-id=\"27a48eeb\" data-element_type=\"widget\" data-e-type=\"widget\" data-widget_type=\"text-editor.default\">\n\t\t\t\t\t\t\t\t\t<p>Get in touch and receive a personalized proposal tailored to your business.<\/p>\t\t\t\t\t\t\t\t<\/div>\n\t\t\t\t<div class=\"elementor-element elementor-element-6addfdb8 elementor-widget elementor-widget-button\" data-id=\"6addfdb8\" data-element_type=\"widget\" data-e-type=\"widget\" data-widget_type=\"button.default\">\n\t\t\t\t\t\t\t\t\t\t<a class=\"elementor-button elementor-button-link elementor-size-sm elementor-animation-bob\" href=\"https:\/\/vjautomacao.com.br\/en\/contato\/\">\n\t\t\t\t\t\t<span class=\"elementor-button-content-wrapper\">\n\t\t\t\t\t\t\t\t\t<span class=\"elementor-button-text\">Request a quote<\/span>\n\t\t\t\t\t<\/span>\n\t\t\t\t\t<\/a>\n\t\t\t\t\t\t\t\t<\/div>\n\t\t\t\t\t<\/div>\n\t\t\t\t<\/div>\n\t\t\t\t<\/div>","protected":false},"excerpt":{"rendered":"<p>Materiais t\u00e9cnicos e estrat\u00e9gicos para sua jornada digital. Baixe guias, e-books e diagn\u00f3sticos voltados \u00e0 Ind\u00fastria 4.0 Oferecemos conte\u00fados exclusivos para apoiar a moderniza\u00e7\u00e3o de processos industriais e a tomada de decis\u00e3o baseada em dados. S\u00e3o materiais gratuitos desenvolvidos por nossa equipe t\u00e9cnica com mais de 20 anos de experi\u00eancia em automa\u00e7\u00e3o e transforma\u00e7\u00e3o digital. [&hellip;]<\/p>","protected":false},"author":1,"featured_media":0,"parent":0,"menu_order":0,"comment_status":"closed","ping_status":"closed","template":"elementor_header_footer","meta":{"_acf_changed":false,"footnotes":""},"class_list":["post-583","page","type-page","status-publish","hentry"],"acf":[],"yoast_head":"<!-- This site is optimized with the Yoast SEO plugin v27.2 - https:\/\/yoast.com\/product\/yoast-seo-wordpress\/ -->\n<title>Materiais - VJ Automa\u00e7\u00e3o<\/title>\n<meta name=\"robots\" content=\"index, follow, max-snippet:-1, max-image-preview:large, max-video-preview:-1\" \/>\n<link rel=\"canonical\" href=\"https:\/\/vjautomacao.com.br\/en\/materiais\/\" \/>\n<meta property=\"og:locale\" content=\"en_US\" \/>\n<meta property=\"og:type\" content=\"article\" \/>\n<meta property=\"og:title\" content=\"Materiais - VJ Automa\u00e7\u00e3o\" \/>\n<meta property=\"og:description\" content=\"Materiais t\u00e9cnicos e estrat\u00e9gicos para sua jornada digital. Baixe guias, e-books e diagn\u00f3sticos voltados \u00e0 Ind\u00fastria 4.0 Oferecemos conte\u00fados exclusivos para apoiar a moderniza\u00e7\u00e3o de processos industriais e a tomada de decis\u00e3o baseada em dados. S\u00e3o materiais gratuitos desenvolvidos por nossa equipe t\u00e9cnica com mais de 20 anos de experi\u00eancia em automa\u00e7\u00e3o e transforma\u00e7\u00e3o digital. [&hellip;]\" \/>\n<meta property=\"og:url\" content=\"https:\/\/vjautomacao.com.br\/en\/materiais\/\" \/>\n<meta property=\"og:site_name\" content=\"VJ Automa\u00e7\u00e3o\" \/>\n<meta property=\"article:modified_time\" content=\"2025-08-07T16:37:58+00:00\" \/>\n<meta property=\"og:image\" content=\"https:\/\/websites.wire.art.br\/vjautomacao\/wp-content\/uploads\/2025\/08\/image-s2.png\" \/>\n<meta name=\"twitter:card\" content=\"summary_large_image\" \/>\n<meta name=\"twitter:label1\" content=\"Est. reading time\" \/>\n\t<meta name=\"twitter:data1\" content=\"2 minutes\" \/>\n<script type=\"application\/ld+json\" class=\"yoast-schema-graph\">{\"@context\":\"https:\/\/schema.org\",\"@graph\":[{\"@type\":\"WebPage\",\"@id\":\"https:\/\/vjautomacao.com.br\/en\/materiais\/\",\"url\":\"https:\/\/vjautomacao.com.br\/en\/materiais\/\",\"name\":\"Materiais - VJ Automa\u00e7\u00e3o\",\"isPartOf\":{\"@id\":\"https:\/\/vjautomacao.com.br\/en\/#website\"},\"primaryImageOfPage\":{\"@id\":\"https:\/\/vjautomacao.com.br\/en\/materiais\/#primaryimage\"},\"image\":{\"@id\":\"https:\/\/vjautomacao.com.br\/en\/materiais\/#primaryimage\"},\"thumbnailUrl\":\"https:\/\/websites.wire.art.br\/vjautomacao\/wp-content\/uploads\/2025\/08\/image-s2.png\",\"datePublished\":\"2025-07-30T16:16:01+00:00\",\"dateModified\":\"2025-08-07T16:37:58+00:00\",\"breadcrumb\":{\"@id\":\"https:\/\/vjautomacao.com.br\/en\/materiais\/#breadcrumb\"},\"inLanguage\":\"en-US\",\"potentialAction\":[{\"@type\":\"ReadAction\",\"target\":[\"https:\/\/vjautomacao.com.br\/en\/materiais\/\"]}]},{\"@type\":\"ImageObject\",\"inLanguage\":\"en-US\",\"@id\":\"https:\/\/vjautomacao.com.br\/en\/materiais\/#primaryimage\",\"url\":\"https:\/\/websites.wire.art.br\/vjautomacao\/wp-content\/uploads\/2025\/08\/image-s2.png\",\"contentUrl\":\"https:\/\/websites.wire.art.br\/vjautomacao\/wp-content\/uploads\/2025\/08\/image-s2.png\"},{\"@type\":\"BreadcrumbList\",\"@id\":\"https:\/\/vjautomacao.com.br\/en\/materiais\/#breadcrumb\",\"itemListElement\":[{\"@type\":\"ListItem\",\"position\":1,\"name\":\"In\u00edcio\",\"item\":\"https:\/\/vjautomacao.com.br\/en\"},{\"@type\":\"ListItem\",\"position\":2,\"name\":\"Materiais\"}]},{\"@type\":\"WebSite\",\"@id\":\"https:\/\/vjautomacao.com.br\/en\/#website\",\"url\":\"https:\/\/vjautomacao.com.br\/en\/\",\"name\":\"VJ Automa\u00e7\u00e3o\",\"description\":\"\",\"potentialAction\":[{\"@type\":\"SearchAction\",\"target\":{\"@type\":\"EntryPoint\",\"urlTemplate\":\"https:\/\/vjautomacao.com.br\/en\/?s={search_term_string}\"},\"query-input\":{\"@type\":\"PropertyValueSpecification\",\"valueRequired\":true,\"valueName\":\"search_term_string\"}}],\"inLanguage\":\"en-US\"}]}<\/script>\n<!-- \/ Yoast SEO plugin. -->","yoast_head_json":{"title":"Materiais - VJ Automa\u00e7\u00e3o","robots":{"index":"index","follow":"follow","max-snippet":"max-snippet:-1","max-image-preview":"max-image-preview:large","max-video-preview":"max-video-preview:-1"},"canonical":"https:\/\/vjautomacao.com.br\/en\/materiais\/","og_locale":"en_US","og_type":"article","og_title":"Materiais - VJ Automa\u00e7\u00e3o","og_description":"Materiais t\u00e9cnicos e estrat\u00e9gicos para sua jornada digital. Baixe guias, e-books e diagn\u00f3sticos voltados \u00e0 Ind\u00fastria 4.0 Oferecemos conte\u00fados exclusivos para apoiar a moderniza\u00e7\u00e3o de processos industriais e a tomada de decis\u00e3o baseada em dados. S\u00e3o materiais gratuitos desenvolvidos por nossa equipe t\u00e9cnica com mais de 20 anos de experi\u00eancia em automa\u00e7\u00e3o e transforma\u00e7\u00e3o digital. [&hellip;]","og_url":"https:\/\/vjautomacao.com.br\/en\/materiais\/","og_site_name":"VJ Automa\u00e7\u00e3o","article_modified_time":"2025-08-07T16:37:58+00:00","og_image":[{"url":"https:\/\/websites.wire.art.br\/vjautomacao\/wp-content\/uploads\/2025\/08\/image-s2.png","type":"","width":"","height":""}],"twitter_card":"summary_large_image","twitter_misc":{"Est. reading time":"2 minutes"},"schema":{"@context":"https:\/\/schema.org","@graph":[{"@type":"WebPage","@id":"https:\/\/vjautomacao.com.br\/en\/materiais\/","url":"https:\/\/vjautomacao.com.br\/en\/materiais\/","name":"Materiais - VJ Automa\u00e7\u00e3o","isPartOf":{"@id":"https:\/\/vjautomacao.com.br\/en\/#website"},"primaryImageOfPage":{"@id":"https:\/\/vjautomacao.com.br\/en\/materiais\/#primaryimage"},"image":{"@id":"https:\/\/vjautomacao.com.br\/en\/materiais\/#primaryimage"},"thumbnailUrl":"https:\/\/websites.wire.art.br\/vjautomacao\/wp-content\/uploads\/2025\/08\/image-s2.png","datePublished":"2025-07-30T16:16:01+00:00","dateModified":"2025-08-07T16:37:58+00:00","breadcrumb":{"@id":"https:\/\/vjautomacao.com.br\/en\/materiais\/#breadcrumb"},"inLanguage":"en-US","potentialAction":[{"@type":"ReadAction","target":["https:\/\/vjautomacao.com.br\/en\/materiais\/"]}]},{"@type":"ImageObject","inLanguage":"en-US","@id":"https:\/\/vjautomacao.com.br\/en\/materiais\/#primaryimage","url":"https:\/\/websites.wire.art.br\/vjautomacao\/wp-content\/uploads\/2025\/08\/image-s2.png","contentUrl":"https:\/\/websites.wire.art.br\/vjautomacao\/wp-content\/uploads\/2025\/08\/image-s2.png"},{"@type":"BreadcrumbList","@id":"https:\/\/vjautomacao.com.br\/en\/materiais\/#breadcrumb","itemListElement":[{"@type":"ListItem","position":1,"name":"In\u00edcio","item":"https:\/\/vjautomacao.com.br\/en"},{"@type":"ListItem","position":2,"name":"Materiais"}]},{"@type":"WebSite","@id":"https:\/\/vjautomacao.com.br\/en\/#website","url":"https:\/\/vjautomacao.com.br\/en\/","name":"VJ Automa\u00e7\u00e3o","description":"","potentialAction":[{"@type":"SearchAction","target":{"@type":"EntryPoint","urlTemplate":"https:\/\/vjautomacao.com.br\/en\/?s={search_term_string}"},"query-input":{"@type":"PropertyValueSpecification","valueRequired":true,"valueName":"search_term_string"}}],"inLanguage":"en-US"}]}},"_links":{"self":[{"href":"https:\/\/vjautomacao.com.br\/en\/wp-json\/wp\/v2\/pages\/583","targetHints":{"allow":["GET"]}}],"collection":[{"href":"https:\/\/vjautomacao.com.br\/en\/wp-json\/wp\/v2\/pages"}],"about":[{"href":"https:\/\/vjautomacao.com.br\/en\/wp-json\/wp\/v2\/types\/page"}],"author":[{"embeddable":true,"href":"https:\/\/vjautomacao.com.br\/en\/wp-json\/wp\/v2\/users\/1"}],"replies":[{"embeddable":true,"href":"https:\/\/vjautomacao.com.br\/en\/wp-json\/wp\/v2\/comments?post=583"}],"version-history":[{"count":0,"href":"https:\/\/vjautomacao.com.br\/en\/wp-json\/wp\/v2\/pages\/583\/revisions"}],"wp:attachment":[{"href":"https:\/\/vjautomacao.com.br\/en\/wp-json\/wp\/v2\/media?parent=583"}],"curies":[{"name":"wp","href":"https:\/\/api.w.org\/{rel}","templated":true}]}}