{"id":639,"date":"2025-07-30T16:56:39","date_gmt":"2025-07-30T16:56:39","guid":{"rendered":"https:\/\/websites.wire.art.br\/vjautomacao\/?page_id=639"},"modified":"2026-03-20T16:02:49","modified_gmt":"2026-03-20T19:02:49","slug":"cases-de-sucesso","status":"publish","type":"page","link":"https:\/\/vjautomacao.com.br\/en\/cases-de-sucesso\/","title":{"rendered":"Success Stories"},"content":{"rendered":"<div data-elementor-type=\"wp-page\" data-elementor-id=\"639\" class=\"elementor elementor-639\" data-elementor-post-type=\"page\">\n\t\t\t\t<div class=\"elementor-element elementor-element-16020aa e-flex e-con-boxed e-con e-parent\" data-id=\"16020aa\" data-element_type=\"container\" data-e-type=\"container\" data-settings=\"{&quot;background_background&quot;:&quot;classic&quot;}\">\n\t\t\t\t\t<div class=\"e-con-inner\">\n\t\t<div class=\"elementor-element elementor-element-fdb6cf6 e-grid e-con-full e-con e-child\" data-id=\"fdb6cf6\" data-element_type=\"container\" data-e-type=\"container\">\n\t\t<div class=\"elementor-element elementor-element-9c9b1ce e-con-full e-flex e-con e-child\" data-id=\"9c9b1ce\" data-element_type=\"container\" data-e-type=\"container\">\n\t\t\t\t<div class=\"elementor-element elementor-element-3457cca elementor-widget elementor-widget-heading\" data-id=\"3457cca\" data-element_type=\"widget\" data-e-type=\"widget\" data-widget_type=\"heading.default\">\n\t\t\t\t\t<h1 class=\"elementor-heading-title elementor-size-default\">We turn challenges into award-winning solutions<\/h1>\t\t\t\t<\/div>\n\t\t\t\t<div class=\"elementor-element elementor-element-2555751 elementor-widget__width-initial elementor-widget-mobile__width-initial elementor-widget elementor-widget-text-editor\" data-id=\"2555751\" data-element_type=\"widget\" data-e-type=\"widget\" data-widget_type=\"text-editor.default\">\n\t\t\t\t\t\t\t\t\t<p class=\"translation-block\">Get inspired by our success stories, where we drive industries forward with innovation, efficiency, and technical excellence.<\/p>\t\t\t\t\t\t\t\t<\/div>\n\t\t\t\t<div class=\"elementor-element elementor-element-b6c64f4 elementor-widget elementor-widget-image\" data-id=\"b6c64f4\" data-element_type=\"widget\" data-e-type=\"widget\" data-widget_type=\"image.default\">\n\t\t\t\t\t\t\t\t\t\t\t\t\t\t\t<img fetchpriority=\"high\" decoding=\"async\" width=\"800\" height=\"366\" src=\"https:\/\/vjautomacao.com.br\/wp-content\/uploads\/2025\/08\/Business_People_Coding_Collaboration-1-scaled-e1754515591624-1024x468.jpg\" class=\"attachment-large size-large wp-image-821\" alt=\"\" srcset=\"https:\/\/vjautomacao.com.br\/wp-content\/uploads\/2025\/08\/Business_People_Coding_Collaboration-1-scaled-e1754515591624-1024x468.jpg 1024w, https:\/\/vjautomacao.com.br\/wp-content\/uploads\/2025\/08\/Business_People_Coding_Collaboration-1-scaled-e1754515591624-300x137.jpg 300w, https:\/\/vjautomacao.com.br\/wp-content\/uploads\/2025\/08\/Business_People_Coding_Collaboration-1-scaled-e1754515591624-768x351.jpg 768w, https:\/\/vjautomacao.com.br\/wp-content\/uploads\/2025\/08\/Business_People_Coding_Collaboration-1-scaled-e1754515591624-1536x702.jpg 1536w, https:\/\/vjautomacao.com.br\/wp-content\/uploads\/2025\/08\/Business_People_Coding_Collaboration-1-scaled-e1754515591624-2048x936.jpg 2048w, https:\/\/vjautomacao.com.br\/wp-content\/uploads\/2025\/08\/Business_People_Coding_Collaboration-1-scaled-e1754515591624-18x8.jpg 18w\" sizes=\"(max-width: 800px) 100vw, 800px\" \/>\t\t\t\t\t\t\t\t\t\t\t\t\t\t\t<\/div>\n\t\t\t\t<div class=\"elementor-element elementor-element-4041879 elementor-widget__width-inherit elementor-widget-mobile__width-initial elementor-widget elementor-widget-text-editor\" data-id=\"4041879\" data-element_type=\"widget\" data-e-type=\"widget\" data-widget_type=\"text-editor.default\">\n\t\t\t\t\t\t\t\t\t<p>At VJ Industrial Automation, every project is an opportunity to create a lasting impact for our clients. We work hand in hand with leading industries to deliver efficiency, system integration, process modernization, and data-driven digitalization.<\/p><p>On this page, you'll find real examples of how our solutions have driven results for companies across different sectors and countries.<\/p>\t\t\t\t\t\t\t\t<\/div>\n\t\t\t\t<\/div>\n\t\t\t\t<\/div>\n\t\t\t\t\t<\/div>\n\t\t\t\t<\/div>\n\t\t<div class=\"elementor-element elementor-element-c891d89 e-flex e-con-boxed e-con e-parent\" data-id=\"c891d89\" data-element_type=\"container\" data-e-type=\"container\">\n\t\t\t\t\t<div class=\"e-con-inner\">\n\t\t<div class=\"elementor-element elementor-element-6f3ab64 e-con-full e-flex e-con e-child\" data-id=\"6f3ab64\" data-element_type=\"container\" data-e-type=\"container\">\n\t\t\t\t<div class=\"elementor-element elementor-element-41a65bc elementor-grid-3 elementor-grid-tablet-2 elementor-grid-mobile-1 elementor-widget elementor-widget-loop-grid\" data-id=\"41a65bc\" data-element_type=\"widget\" data-e-type=\"widget\" data-settings=\"{&quot;template_id&quot;:170,&quot;pagination_type&quot;:&quot;numbers&quot;,&quot;_skin&quot;:&quot;post&quot;,&quot;columns&quot;:&quot;3&quot;,&quot;columns_tablet&quot;:&quot;2&quot;,&quot;columns_mobile&quot;:&quot;1&quot;,&quot;edit_handle_selector&quot;:&quot;[data-elementor-type=\\&quot;loop-item\\&quot;]&quot;,&quot;pagination_load_type&quot;:&quot;page_reload&quot;,&quot;row_gap&quot;:{&quot;unit&quot;:&quot;px&quot;,&quot;size&quot;:&quot;&quot;,&quot;sizes&quot;:[]},&quot;row_gap_tablet&quot;:{&quot;unit&quot;:&quot;px&quot;,&quot;size&quot;:&quot;&quot;,&quot;sizes&quot;:[]},&quot;row_gap_mobile&quot;:{&quot;unit&quot;:&quot;px&quot;,&quot;size&quot;:&quot;&quot;,&quot;sizes&quot;:[]}}\" data-widget_type=\"loop-grid.post\">\n\t\t\t\t\t\t\t<div class=\"e-loop-nothing-found-message\">\n\t\t<\/div>\n\t\t\t\t\t\t<\/div>\n\t\t\t\t<\/div>\n\t\t\t\t\t<\/div>\n\t\t\t\t<\/div>\n\t\t\t\t<\/div>","protected":false},"excerpt":{"rendered":"<p>Transformamos desafios em solu\u00e7\u00f5es premiadas Inspire-se com nossos cases de sucesso, nos quais impulsionamosind\u00fastrias com inova\u00e7\u00e3o, efici\u00eancia e excel\u00eancia t\u00e9cnica. Na VJ Automa\u00e7\u00e3o, cada projeto \u00e9 uma oportunidade de gerar impacto duradouro para nossos clientes. Atuamos lado a lado com grandes ind\u00fastrias para entregar efici\u00eancia, integra\u00e7\u00e3o de sistemas, moderniza\u00e7\u00e3o de processos e digitaliza\u00e7\u00e3o com base [&hellip;]<\/p>","protected":false},"author":1,"featured_media":0,"parent":0,"menu_order":0,"comment_status":"closed","ping_status":"closed","template":"elementor_header_footer","meta":{"_acf_changed":false,"footnotes":""},"class_list":["post-639","page","type-page","status-publish","hentry"],"acf":[],"yoast_head":"<!-- This site is optimized with the Yoast SEO plugin v27.2 - https:\/\/yoast.com\/product\/yoast-seo-wordpress\/ -->\n<title>Cases de Sucesso - VJ Automa\u00e7\u00e3o<\/title>\n<meta name=\"robots\" content=\"index, follow, max-snippet:-1, max-image-preview:large, max-video-preview:-1\" \/>\n<link rel=\"canonical\" href=\"https:\/\/vjautomacao.com.br\/en\/cases-de-sucesso\/\" \/>\n<meta property=\"og:locale\" content=\"en_US\" \/>\n<meta property=\"og:type\" content=\"article\" \/>\n<meta property=\"og:title\" content=\"Cases de Sucesso - VJ Automa\u00e7\u00e3o\" \/>\n<meta property=\"og:description\" content=\"Transformamos desafios em solu\u00e7\u00f5es premiadas Inspire-se com nossos cases de sucesso, nos quais impulsionamosind\u00fastrias com inova\u00e7\u00e3o, efici\u00eancia e excel\u00eancia t\u00e9cnica. Na VJ Automa\u00e7\u00e3o, cada projeto \u00e9 uma oportunidade de gerar impacto duradouro para nossos clientes. Atuamos lado a lado com grandes ind\u00fastrias para entregar efici\u00eancia, integra\u00e7\u00e3o de sistemas, moderniza\u00e7\u00e3o de processos e digitaliza\u00e7\u00e3o com base [&hellip;]\" \/>\n<meta property=\"og:url\" content=\"https:\/\/vjautomacao.com.br\/en\/cases-de-sucesso\/\" \/>\n<meta property=\"og:site_name\" content=\"VJ Automa\u00e7\u00e3o\" \/>\n<meta property=\"article:modified_time\" content=\"2026-03-20T19:02:49+00:00\" \/>\n<meta property=\"og:image\" content=\"https:\/\/vjautomacao.com.br\/wp-content\/uploads\/2025\/08\/Business_People_Coding_Collaboration-1-scaled-e1754515591624-1024x468.jpg\" \/>\n<meta name=\"twitter:card\" content=\"summary_large_image\" \/>\n<meta name=\"twitter:label1\" content=\"Est. reading time\" \/>\n\t<meta name=\"twitter:data1\" content=\"1 minute\" \/>\n<script type=\"application\/ld+json\" class=\"yoast-schema-graph\">{\"@context\":\"https:\/\/schema.org\",\"@graph\":[{\"@type\":\"WebPage\",\"@id\":\"https:\/\/vjautomacao.com.br\/en\/cases-de-sucesso\/\",\"url\":\"https:\/\/vjautomacao.com.br\/en\/cases-de-sucesso\/\",\"name\":\"Cases de Sucesso - VJ Automa\u00e7\u00e3o\",\"isPartOf\":{\"@id\":\"https:\/\/vjautomacao.com.br\/en\/#website\"},\"primaryImageOfPage\":{\"@id\":\"https:\/\/vjautomacao.com.br\/en\/cases-de-sucesso\/#primaryimage\"},\"image\":{\"@id\":\"https:\/\/vjautomacao.com.br\/en\/cases-de-sucesso\/#primaryimage\"},\"thumbnailUrl\":\"https:\/\/vjautomacao.com.br\/wp-content\/uploads\/2025\/08\/Business_People_Coding_Collaboration-1-scaled-e1754515591624-1024x468.jpg\",\"datePublished\":\"2025-07-30T16:56:39+00:00\",\"dateModified\":\"2026-03-20T19:02:49+00:00\",\"breadcrumb\":{\"@id\":\"https:\/\/vjautomacao.com.br\/en\/cases-de-sucesso\/#breadcrumb\"},\"inLanguage\":\"en-US\",\"potentialAction\":[{\"@type\":\"ReadAction\",\"target\":[\"https:\/\/vjautomacao.com.br\/en\/cases-de-sucesso\/\"]}]},{\"@type\":\"ImageObject\",\"inLanguage\":\"en-US\",\"@id\":\"https:\/\/vjautomacao.com.br\/en\/cases-de-sucesso\/#primaryimage\",\"url\":\"https:\/\/vjautomacao.com.br\/wp-content\/uploads\/2025\/08\/Business_People_Coding_Collaboration-1-scaled-e1754515591624-1024x468.jpg\",\"contentUrl\":\"https:\/\/vjautomacao.com.br\/wp-content\/uploads\/2025\/08\/Business_People_Coding_Collaboration-1-scaled-e1754515591624-1024x468.jpg\"},{\"@type\":\"BreadcrumbList\",\"@id\":\"https:\/\/vjautomacao.com.br\/en\/cases-de-sucesso\/#breadcrumb\",\"itemListElement\":[{\"@type\":\"ListItem\",\"position\":1,\"name\":\"In\u00edcio\",\"item\":\"https:\/\/vjautomacao.com.br\/en\"},{\"@type\":\"ListItem\",\"position\":2,\"name\":\"Cases de Sucesso\"}]},{\"@type\":\"WebSite\",\"@id\":\"https:\/\/vjautomacao.com.br\/en\/#website\",\"url\":\"https:\/\/vjautomacao.com.br\/en\/\",\"name\":\"VJ Automa\u00e7\u00e3o\",\"description\":\"\",\"potentialAction\":[{\"@type\":\"SearchAction\",\"target\":{\"@type\":\"EntryPoint\",\"urlTemplate\":\"https:\/\/vjautomacao.com.br\/en\/?s={search_term_string}\"},\"query-input\":{\"@type\":\"PropertyValueSpecification\",\"valueRequired\":true,\"valueName\":\"search_term_string\"}}],\"inLanguage\":\"en-US\"}]}<\/script>\n<!-- \/ Yoast SEO plugin. -->","yoast_head_json":{"title":"Cases de Sucesso - VJ Automa\u00e7\u00e3o","robots":{"index":"index","follow":"follow","max-snippet":"max-snippet:-1","max-image-preview":"max-image-preview:large","max-video-preview":"max-video-preview:-1"},"canonical":"https:\/\/vjautomacao.com.br\/en\/cases-de-sucesso\/","og_locale":"en_US","og_type":"article","og_title":"Cases de Sucesso - VJ Automa\u00e7\u00e3o","og_description":"Transformamos desafios em solu\u00e7\u00f5es premiadas Inspire-se com nossos cases de sucesso, nos quais impulsionamosind\u00fastrias com inova\u00e7\u00e3o, efici\u00eancia e excel\u00eancia t\u00e9cnica. Na VJ Automa\u00e7\u00e3o, cada projeto \u00e9 uma oportunidade de gerar impacto duradouro para nossos clientes. Atuamos lado a lado com grandes ind\u00fastrias para entregar efici\u00eancia, integra\u00e7\u00e3o de sistemas, moderniza\u00e7\u00e3o de processos e digitaliza\u00e7\u00e3o com base [&hellip;]","og_url":"https:\/\/vjautomacao.com.br\/en\/cases-de-sucesso\/","og_site_name":"VJ Automa\u00e7\u00e3o","article_modified_time":"2026-03-20T19:02:49+00:00","og_image":[{"url":"https:\/\/vjautomacao.com.br\/wp-content\/uploads\/2025\/08\/Business_People_Coding_Collaboration-1-scaled-e1754515591624-1024x468.jpg","type":"","width":"","height":""}],"twitter_card":"summary_large_image","twitter_misc":{"Est. reading time":"1 minute"},"schema":{"@context":"https:\/\/schema.org","@graph":[{"@type":"WebPage","@id":"https:\/\/vjautomacao.com.br\/en\/cases-de-sucesso\/","url":"https:\/\/vjautomacao.com.br\/en\/cases-de-sucesso\/","name":"Cases de Sucesso - VJ Automa\u00e7\u00e3o","isPartOf":{"@id":"https:\/\/vjautomacao.com.br\/en\/#website"},"primaryImageOfPage":{"@id":"https:\/\/vjautomacao.com.br\/en\/cases-de-sucesso\/#primaryimage"},"image":{"@id":"https:\/\/vjautomacao.com.br\/en\/cases-de-sucesso\/#primaryimage"},"thumbnailUrl":"https:\/\/vjautomacao.com.br\/wp-content\/uploads\/2025\/08\/Business_People_Coding_Collaboration-1-scaled-e1754515591624-1024x468.jpg","datePublished":"2025-07-30T16:56:39+00:00","dateModified":"2026-03-20T19:02:49+00:00","breadcrumb":{"@id":"https:\/\/vjautomacao.com.br\/en\/cases-de-sucesso\/#breadcrumb"},"inLanguage":"en-US","potentialAction":[{"@type":"ReadAction","target":["https:\/\/vjautomacao.com.br\/en\/cases-de-sucesso\/"]}]},{"@type":"ImageObject","inLanguage":"en-US","@id":"https:\/\/vjautomacao.com.br\/en\/cases-de-sucesso\/#primaryimage","url":"https:\/\/vjautomacao.com.br\/wp-content\/uploads\/2025\/08\/Business_People_Coding_Collaboration-1-scaled-e1754515591624-1024x468.jpg","contentUrl":"https:\/\/vjautomacao.com.br\/wp-content\/uploads\/2025\/08\/Business_People_Coding_Collaboration-1-scaled-e1754515591624-1024x468.jpg"},{"@type":"BreadcrumbList","@id":"https:\/\/vjautomacao.com.br\/en\/cases-de-sucesso\/#breadcrumb","itemListElement":[{"@type":"ListItem","position":1,"name":"In\u00edcio","item":"https:\/\/vjautomacao.com.br\/en"},{"@type":"ListItem","position":2,"name":"Cases de Sucesso"}]},{"@type":"WebSite","@id":"https:\/\/vjautomacao.com.br\/en\/#website","url":"https:\/\/vjautomacao.com.br\/en\/","name":"VJ Automa\u00e7\u00e3o","description":"","potentialAction":[{"@type":"SearchAction","target":{"@type":"EntryPoint","urlTemplate":"https:\/\/vjautomacao.com.br\/en\/?s={search_term_string}"},"query-input":{"@type":"PropertyValueSpecification","valueRequired":true,"valueName":"search_term_string"}}],"inLanguage":"en-US"}]}},"_links":{"self":[{"href":"https:\/\/vjautomacao.com.br\/en\/wp-json\/wp\/v2\/pages\/639","targetHints":{"allow":["GET"]}}],"collection":[{"href":"https:\/\/vjautomacao.com.br\/en\/wp-json\/wp\/v2\/pages"}],"about":[{"href":"https:\/\/vjautomacao.com.br\/en\/wp-json\/wp\/v2\/types\/page"}],"author":[{"embeddable":true,"href":"https:\/\/vjautomacao.com.br\/en\/wp-json\/wp\/v2\/users\/1"}],"replies":[{"embeddable":true,"href":"https:\/\/vjautomacao.com.br\/en\/wp-json\/wp\/v2\/comments?post=639"}],"version-history":[{"count":0,"href":"https:\/\/vjautomacao.com.br\/en\/wp-json\/wp\/v2\/pages\/639\/revisions"}],"wp:attachment":[{"href":"https:\/\/vjautomacao.com.br\/en\/wp-json\/wp\/v2\/media?parent=639"}],"curies":[{"name":"wp","href":"https:\/\/api.w.org\/{rel}","templated":true}]}}