{"id":330,"date":"2025-07-28T18:06:07","date_gmt":"2025-07-28T18:06:07","guid":{"rendered":"http:\/\/vj-automao.local\/?page_id=330"},"modified":"2025-08-08T20:02:11","modified_gmt":"2025-08-08T20:02:11","slug":"blog","status":"publish","type":"page","link":"https:\/\/vjautomacao.com.br\/es\/blog\/","title":{"rendered":"Blog"},"content":{"rendered":"<div data-elementor-type=\"wp-page\" data-elementor-id=\"330\" class=\"elementor elementor-330\" data-elementor-post-type=\"page\">\n\t\t\t\t<div class=\"elementor-element elementor-element-4c9aa2fd e-flex e-con-boxed e-con e-parent\" data-id=\"4c9aa2fd\" data-element_type=\"container\" data-e-type=\"container\" data-settings=\"{&quot;background_background&quot;:&quot;classic&quot;}\">\n\t\t\t\t\t<div class=\"e-con-inner\">\n\t\t<div class=\"elementor-element elementor-element-3c92edee e-grid e-con-full e-con e-child\" data-id=\"3c92edee\" data-element_type=\"container\" data-e-type=\"container\">\n\t\t<div class=\"elementor-element elementor-element-4c318674 e-con-full e-flex e-con e-child\" data-id=\"4c318674\" data-element_type=\"container\" data-e-type=\"container\">\n\t\t\t\t<div class=\"elementor-element elementor-element-70ce43ac elementor-widget elementor-widget-heading\" data-id=\"70ce43ac\" data-element_type=\"widget\" data-e-type=\"widget\" data-widget_type=\"heading.default\">\n\t\t\t\t\t<h1 class=\"elementor-heading-title elementor-size-default\">Perspectivas que conectan industria e innovaci\u00f3n<\/h1>\t\t\t\t<\/div>\n\t\t\t\t<div class=\"elementor-element elementor-element-b64a3ce elementor-widget elementor-widget-heading\" data-id=\"b64a3ce\" data-element_type=\"widget\" data-e-type=\"widget\" data-widget_type=\"heading.default\">\n\t\t\t\t\t<h2 class=\"elementor-heading-title elementor-size-default\">Mant\u00e9ngase informado sobre las tendencias en automatizaci\u00f3n, Industria 4.0 y eficiencia operativa.<\/h2>\t\t\t\t<\/div>\n\t\t\t\t<\/div>\n\t\t\t\t<\/div>\n\t\t\t\t\t<\/div>\n\t\t\t\t<\/div>\n\t\t<div class=\"elementor-element elementor-element-0b99929 e-flex e-con-boxed e-con e-parent\" data-id=\"0b99929\" data-element_type=\"container\" data-e-type=\"container\" id=\"blog-posts-BLOG\">\n\t\t\t\t\t<div class=\"e-con-inner\">\n\t\t<div class=\"elementor-element elementor-element-e0363a1 e-con-full e-flex e-con e-child\" data-id=\"e0363a1\" data-element_type=\"container\" data-e-type=\"container\">\n\t\t\t\t<div class=\"elementor-element elementor-element-6ac785d elementor-widget elementor-widget-search\" data-id=\"6ac785d\" data-element_type=\"widget\" data-e-type=\"widget\" id=\"search-btn\" data-settings=\"{&quot;submit_trigger&quot;:&quot;click_submit&quot;,&quot;pagination_type_options&quot;:&quot;none&quot;}\" data-widget_type=\"search.default\">\n\t\t\t\t\t\t\t<search class=\"e-search hidden\" role=\"search\">\n\t\t\t<form class=\"e-search-form\" action=\"https:\/\/vjautomacao.com.br\/es\" method=\"get\" data-trp-original-action=\"https:\/\/vjautomacao.com.br\/es\">\n\n\t\t\t\t\n\t\t\t\t<label class=\"e-search-label\" for=\"search-6ac785d\">\n\t\t\t\t\t<span class=\"elementor-screen-only\">\n\t\t\t\t\t\tSearch\t\t\t\t\t<\/span>\n\t\t\t\t\t\t\t\t\t<\/label>\n\n\t\t\t\t<div class=\"e-search-input-wrapper\">\n\t\t\t\t\t<input id=\"search-6ac785d\" placeholder=\"Buscar un art\u00edculo\" class=\"e-search-input\" type=\"search\" name=\"s\" value=\"\" autocomplete=\"off\" role=\"combobox\" aria-autocomplete=\"list\" aria-expanded=\"false\" aria-controls=\"results-6ac785d\" aria-haspopup=\"listbox\">\n\t\t\t\t\t<svg aria-hidden=\"true\" class=\"e-font-icon-svg e-fas-times\" viewbox=\"0 0 352 512\" xmlns=\"http:\/\/www.w3.org\/2000\/svg\"><path d=\"M242.72 256l100.07-100.07c12.28-12.28 12.28-32.19 0-44.48l-22.24-22.24c-12.28-12.28-32.19-12.28-44.48 0L176 189.28 75.93 89.21c-12.28-12.28-32.19-12.28-44.48 0L9.21 111.45c-12.28 12.28-12.28 32.19 0 44.48L109.28 256 9.21 356.07c-12.28 12.28-12.28 32.19 0 44.48l22.24 22.24c12.28 12.28 32.2 12.28 44.48 0L176 322.72l100.07 100.07c12.28 12.28 32.2 12.28 44.48 0l22.24-22.24c12.28-12.28 12.28-32.19 0-44.48L242.72 256z\"><\/path><\/svg>\t\t\t\t\t\t\t\t\t\t<output id=\"results-6ac785d\" class=\"e-search-results-container hide-loader\" aria-live=\"polite\" aria-atomic=\"true\" aria-label=\"Results for search\" tabindex=\"0\">\n\t\t\t\t\t\t<div class=\"e-search-results\"><\/div>\n\t\t\t\t\t\t\t\t\t\t\t<\/output>\n\t\t\t\t\t\t\t\t\t<\/div>\n\t\t\t\t\n\t\t\t\t\n\t\t\t\t<button class=\"e-search-submit\" type=\"submit\" aria-label=\"Search\">\n\t\t\t\t\t<svg aria-hidden=\"true\" class=\"e-font-icon-svg e-fas-search\" viewbox=\"0 0 512 512\" xmlns=\"http:\/\/www.w3.org\/2000\/svg\"><path d=\"M505 442.7L405.3 343c-4.5-4.5-10.6-7-17-7H372c27.6-35.3 44-79.7 44-128C416 93.1 322.9 0 208 0S0 93.1 0 208s93.1 208 208 208c48.3 0 92.7-16.4 128-44v16.3c0 6.4 2.5 12.5 7 17l99.7 99.7c9.4 9.4 24.6 9.4 33.9 0l28.3-28.3c9.4-9.4 9.4-24.6.1-34zM208 336c-70.7 0-128-57.2-128-128 0-70.7 57.2-128 128-128 70.7 0 128 57.2 128 128 0 70.7-57.2 128-128 128z\"><\/path><\/svg>\n\t\t\t\t\t\t\t\t\t<\/button>\n\t\t\t\t<input type=\"hidden\" name=\"e_search_props\" value=\"6ac785d-330\">\n\t\t\t<input type=\"hidden\" name=\"trp-form-language\" value=\"es\"\/><\/form>\n\t\t<\/search>\n\t\t\t\t\t\t<\/div>\n\t\t<div class=\"elementor-element elementor-element-7c06c2f e-grid e-con-full e-con e-child\" data-id=\"7c06c2f\" data-element_type=\"container\" data-e-type=\"container\">\n\t\t\t\t<div class=\"elementor-element elementor-element-523b698 elementor-grid-3 elementor-grid-tablet-2 elementor-grid-mobile-1 elementor-widget elementor-widget-loop-grid\" data-id=\"523b698\" data-element_type=\"widget\" data-e-type=\"widget\" data-settings=\"{&quot;template_id&quot;:170,&quot;pagination_type&quot;:&quot;numbers&quot;,&quot;_skin&quot;:&quot;post&quot;,&quot;columns&quot;:&quot;3&quot;,&quot;columns_tablet&quot;:&quot;2&quot;,&quot;columns_mobile&quot;:&quot;1&quot;,&quot;edit_handle_selector&quot;:&quot;[data-elementor-type=\\&quot;loop-item\\&quot;]&quot;,&quot;pagination_load_type&quot;:&quot;page_reload&quot;,&quot;row_gap&quot;:{&quot;unit&quot;:&quot;px&quot;,&quot;size&quot;:&quot;&quot;,&quot;sizes&quot;:[]},&quot;row_gap_tablet&quot;:{&quot;unit&quot;:&quot;px&quot;,&quot;size&quot;:&quot;&quot;,&quot;sizes&quot;:[]},&quot;row_gap_mobile&quot;:{&quot;unit&quot;:&quot;px&quot;,&quot;size&quot;:&quot;&quot;,&quot;sizes&quot;:[]}}\" data-widget_type=\"loop-grid.post\">\n\t\t\t\t\t\t\t<div class=\"elementor-loop-container elementor-grid\" role=\"list\">\n\t\t<style id=\"loop-170\">.elementor-170 .elementor-element.elementor-element-ec23757{--display:flex;--flex-direction:column;--container-widget-width:100%;--container-widget-height:initial;--container-widget-flex-grow:0;--container-widget-align-self:initial;--flex-wrap-mobile:wrap;--border-radius:16px 16px 16px 16px;--padding-top:0px;--padding-bottom:0px;--padding-left:0px;--padding-right:0px;}.elementor-170 .elementor-element.elementor-element-ec23757:not(.elementor-motion-effects-element-type-background), .elementor-170 .elementor-element.elementor-element-ec23757 > .elementor-motion-effects-container > .elementor-motion-effects-layer{background-color:var( --e-global-color-043d280 );}.elementor-170 .elementor-element.elementor-element-d4b3296 img{height:170px;object-fit:cover;object-position:center center;border-radius:16px 16px 0px 0px;}.elementor-170 .elementor-element.elementor-element-bb20950 .elementor-heading-title{font-family:\"Inter\", Sans-serif;font-size:20px;font-weight:400;line-height:120%;}.elementor-170 .elementor-element.elementor-element-bb20950{padding:24px 32px 0px 32px;}.elementor-170 .elementor-element.elementor-element-a8dba2b{font-family:\"Inter\", Sans-serif;font-size:16px;font-weight:300;line-height:150%;color:var( --e-global-color-text );padding:0px 32px 0px 32px;}.elementor-170 .elementor-element.elementor-element-e4f60df .elementor-button{fill:var( --e-global-color-primary );color:var( --e-global-color-primary );background-color:var( --e-global-color-043d280 );border-style:none;padding:0px 0px 0px 0px;}.elementor-170 .elementor-element.elementor-element-e4f60df .elementor-button:hover, .elementor-170 .elementor-element.elementor-element-e4f60df .elementor-button:focus{box-shadow:0px 0px 0px 0px rgba(0,0,0,0.5);}.elementor-170 .elementor-element.elementor-element-e4f60df{padding:24px 32px 40px 32px;}@media(max-width:767px){.elementor-170 .elementor-element.elementor-element-bb20950{padding:20px 16px 0px 16px;}.elementor-170 .elementor-element.elementor-element-a8dba2b{padding:10px 16px 0px 16px;}.elementor-170 .elementor-element.elementor-element-e4f60df{padding:20px 16px 20px 16px;}}<\/style>\t\t<div data-elementor-type=\"loop-item\" data-elementor-id=\"170\" class=\"elementor elementor-170 e-loop-item e-loop-item-1525 post-1525 post type-post status-publish format-standard has-post-thumbnail hentry category-uncategorized\" data-elementor-post-type=\"elementor_library\" data-custom-edit-handle=\"1\">\n\t\t\t<div class=\"elementor-element elementor-element-ec23757 e-flex e-con-boxed e-con e-parent\" data-id=\"ec23757\" data-element_type=\"container\" data-e-type=\"container\" data-settings=\"{&quot;background_background&quot;:&quot;classic&quot;}\">\n\t\t\t\t\t<div class=\"e-con-inner\">\n\t\t\t\t<div class=\"elementor-element elementor-element-d4b3296 elementor-widget elementor-widget-image\" data-id=\"d4b3296\" data-element_type=\"widget\" data-e-type=\"widget\" data-widget_type=\"image.default\">\n\t\t\t\t\t\t\t\t\t\t\t\t\t\t\t<img fetchpriority=\"high\" decoding=\"async\" width=\"576\" height=\"1024\" src=\"https:\/\/vjautomacao.com.br\/wp-content\/uploads\/2026\/03\/WhatsApp-Image-2026-02-10-at-09.21.59-2-576x1024.jpeg\" class=\"attachment-large size-large wp-image-1535\" alt=\"\" \/>\t\t\t\t\t\t\t\t\t\t\t\t\t\t\t<\/div>\n\t\t\t\t<div class=\"elementor-element elementor-element-bb20950 elementor-widget elementor-widget-theme-post-title elementor-page-title elementor-widget-heading\" data-id=\"bb20950\" data-element_type=\"widget\" data-e-type=\"widget\" data-widget_type=\"theme-post-title.default\">\n\t\t\t\t\t<h3 class=\"elementor-heading-title elementor-size-default\">Greenfield: como novas plantas j\u00e1 nascem preparadas para a converg\u00eancia digital<\/h3>\t\t\t\t<\/div>\n\t\t\t\t<div class=\"elementor-element elementor-element-e4f60df elementor-widget elementor-widget-button\" data-id=\"e4f60df\" data-element_type=\"widget\" data-e-type=\"widget\" data-widget_type=\"button.default\">\n\t\t\t\t\t\t\t\t\t\t<a class=\"elementor-button elementor-button-link elementor-size-sm\" href=\"https:\/\/vjautomacao.com.br\/es\/greenfield-como-novas-plantas-ja-nascem-preparadas-para-a-convergencia-digital\/\">\n\t\t\t\t\t\t<span class=\"elementor-button-content-wrapper\">\n\t\t\t\t\t\t\t\t\t<span class=\"elementor-button-text\">Leer m\u00e1s \u2192<\/span>\n\t\t\t\t\t<\/span>\n\t\t\t\t\t<\/a>\n\t\t\t\t\t\t\t\t<\/div>\n\t\t\t\t\t<\/div>\n\t\t\t\t<\/div>\n\t\t\t\t<\/div>\n\t\t\t\t<div data-elementor-type=\"loop-item\" data-elementor-id=\"170\" class=\"elementor elementor-170 e-loop-item e-loop-item-1331 post-1331 post type-post status-publish format-standard has-post-thumbnail hentry category-gestao-industrial\" data-elementor-post-type=\"elementor_library\" data-custom-edit-handle=\"1\">\n\t\t\t<div class=\"elementor-element elementor-element-ec23757 e-flex e-con-boxed e-con e-parent\" data-id=\"ec23757\" data-element_type=\"container\" data-e-type=\"container\" data-settings=\"{&quot;background_background&quot;:&quot;classic&quot;}\">\n\t\t\t\t\t<div class=\"e-con-inner\">\n\t\t\t\t<div class=\"elementor-element elementor-element-d4b3296 elementor-widget elementor-widget-image\" data-id=\"d4b3296\" data-element_type=\"widget\" data-e-type=\"widget\" data-widget_type=\"image.default\">\n\t\t\t\t\t\t\t\t\t\t\t\t\t\t\t<img decoding=\"async\" width=\"800\" height=\"469\" src=\"https:\/\/vjautomacao.com.br\/wp-content\/uploads\/2025\/10\/6515132_VJAutomacao_Artigo01_Img_Blog.png\" class=\"attachment-large size-large wp-image-1336\" alt=\"15 anos VJ Automa\u00e7\u00e3o Industrial\" srcset=\"https:\/\/vjautomacao.com.br\/wp-content\/uploads\/2025\/10\/6515132_VJAutomacao_Artigo01_Img_Blog.png 1024w, https:\/\/vjautomacao.com.br\/wp-content\/uploads\/2025\/10\/6515132_VJAutomacao_Artigo01_Img_Blog-300x176.png 300w, https:\/\/vjautomacao.com.br\/wp-content\/uploads\/2025\/10\/6515132_VJAutomacao_Artigo01_Img_Blog-768x450.png 768w, https:\/\/vjautomacao.com.br\/wp-content\/uploads\/2025\/10\/6515132_VJAutomacao_Artigo01_Img_Blog-18x12.png 18w\" sizes=\"(max-width: 800px) 100vw, 800px\" \/>\t\t\t\t\t\t\t\t\t\t\t\t\t\t\t<\/div>\n\t\t\t\t<div class=\"elementor-element elementor-element-bb20950 elementor-widget elementor-widget-theme-post-title elementor-page-title elementor-widget-heading\" data-id=\"bb20950\" data-element_type=\"widget\" data-e-type=\"widget\" data-widget_type=\"theme-post-title.default\">\n\t\t\t\t\t<h3 class=\"elementor-heading-title elementor-size-default\">15 a\u00f1os VJ Automa\u00e7\u00e3o Industrial: una historia hecha de personas logros y futuro<\/h3>\t\t\t\t<\/div>\n\t\t\t\t<div class=\"elementor-element elementor-element-e4f60df elementor-widget elementor-widget-button\" data-id=\"e4f60df\" data-element_type=\"widget\" data-e-type=\"widget\" data-widget_type=\"button.default\">\n\t\t\t\t\t\t\t\t\t\t<a class=\"elementor-button elementor-button-link elementor-size-sm\" href=\"https:\/\/vjautomacao.com.br\/es\/15-anos-vj-automacao-industrial\/\">\n\t\t\t\t\t\t<span class=\"elementor-button-content-wrapper\">\n\t\t\t\t\t\t\t\t\t<span class=\"elementor-button-text\">Leer m\u00e1s \u2192<\/span>\n\t\t\t\t\t<\/span>\n\t\t\t\t\t<\/a>\n\t\t\t\t\t\t\t\t<\/div>\n\t\t\t\t\t<\/div>\n\t\t\t\t<\/div>\n\t\t\t\t<\/div>\n\t\t\t\t<\/div>\n\t\t\n\t\t\t\t\t\t<\/div>\n\t\t\t\t<div class=\"elementor-element elementor-element-580adbc elementor-widget elementor-widget-taxonomy-filter\" data-id=\"580adbc\" data-element_type=\"widget\" data-e-type=\"widget\" data-settings=\"{&quot;selected_element&quot;:&quot;523b698&quot;,&quot;taxonomy&quot;:&quot;category&quot;,&quot;multiple_selection&quot;:&quot;no&quot;}\" data-widget_type=\"taxonomy-filter.default\">\n\t\t\t\t\t\t\t<search class=\"e-filter\" role=\"search\" data-base-url=\"https:\/\/vjautomacao.com.br\/es\/\" data-page-num=\"1\">\n\t\t\t\t\t\t\t<button class=\"e-filter-item\" data-filter=\"dicas\" aria-pressed=\"false\">Dicas<\/button>\n\t\t\t\t\t\t\t<button class=\"e-filter-item\" data-filter=\"gestao-industrial\" aria-pressed=\"false\">Gest\u00e3o Industrial<\/button>\n\t\t\t\t\t\t\t<button class=\"e-filter-item\" data-filter=\"insights-sobre-automacao\" aria-pressed=\"false\">Insights sobre automa\u00e7\u00e3o<\/button>\n\t\t\t\t\t\t\t<button class=\"e-filter-item\" data-filter=\"novidades-no-setor\" aria-pressed=\"false\">Novidades no setor<\/button>\n\t\t\t\t\t\t\t<button class=\"e-filter-item\" data-filter=\"tecnologia-inovacao\" aria-pressed=\"false\">Tecnologia &amp; Inova\u00e7\u00e3o<\/button>\n\t\t\t\n\t\t\t\t\t\t\t\t\t<button class=\"e-filter-item\" data-filter=\"__all\" aria-pressed=\"true\">\n\t\t\t\tTodas\t\t\t<\/button>\n\t\t\t\t\t<\/search>\n\t\t\t\t\t\t<\/div>\n\t\t\t\t<\/div>\n\t\t\t\t<\/div>\n\t\t\t\t\t<\/div>\n\t\t\t\t<\/div>\n\t\t\t\t<\/div>","protected":false},"excerpt":{"rendered":"<p>Insights que conectam ind\u00fastria e inova\u00e7\u00e3o Fique por dentro das tend\u00eancias em automa\u00e7\u00e3o, Ind\u00fastria 4.0 e efici\u00eancia operacional Search Dicas Gest\u00e3o Industrial Insights sobre automa\u00e7\u00e3o Novidades no setor Tecnologia &amp; Inova\u00e7\u00e3o Todas<\/p>","protected":false},"author":1,"featured_media":0,"parent":0,"menu_order":0,"comment_status":"closed","ping_status":"closed","template":"elementor_header_footer","meta":{"_acf_changed":false,"footnotes":""},"class_list":["post-330","page","type-page","status-publish","hentry"],"acf":[],"yoast_head":"<!-- This site is optimized with the Yoast SEO plugin v27.2 - https:\/\/yoast.com\/product\/yoast-seo-wordpress\/ -->\n<title>Blog - VJ Automa\u00e7\u00e3o<\/title>\n<meta name=\"robots\" content=\"index, follow, max-snippet:-1, max-image-preview:large, max-video-preview:-1\" \/>\n<link rel=\"canonical\" href=\"https:\/\/vjautomacao.com.br\/es\/blog\/\" \/>\n<meta property=\"og:locale\" content=\"es_ES\" \/>\n<meta property=\"og:type\" content=\"article\" \/>\n<meta property=\"og:title\" content=\"Blog - VJ Automa\u00e7\u00e3o\" \/>\n<meta property=\"og:description\" content=\"Insights que conectam ind\u00fastria e inova\u00e7\u00e3o Fique por dentro das tend\u00eancias em automa\u00e7\u00e3o, Ind\u00fastria 4.0 e efici\u00eancia operacional Search Dicas Gest\u00e3o Industrial Insights sobre automa\u00e7\u00e3o Novidades no setor Tecnologia &amp; Inova\u00e7\u00e3o Todas\" \/>\n<meta property=\"og:url\" content=\"https:\/\/vjautomacao.com.br\/es\/blog\/\" \/>\n<meta property=\"og:site_name\" content=\"VJ Automa\u00e7\u00e3o\" \/>\n<meta property=\"article:modified_time\" content=\"2025-08-08T20:02:11+00:00\" \/>\n<meta property=\"og:image\" content=\"https:\/\/vjautomacao.com.br\/wp-content\/uploads\/2025\/08\/banner-compartilhamento.png\" \/>\n\t<meta property=\"og:image:width\" content=\"1200\" \/>\n\t<meta property=\"og:image:height\" content=\"628\" \/>\n\t<meta property=\"og:image:type\" content=\"image\/png\" \/>\n<meta name=\"twitter:card\" content=\"summary_large_image\" \/>\n<meta name=\"twitter:label1\" content=\"Tiempo de lectura\" \/>\n\t<meta name=\"twitter:data1\" content=\"1 minuto\" \/>\n<script type=\"application\/ld+json\" class=\"yoast-schema-graph\">{\"@context\":\"https:\/\/schema.org\",\"@graph\":[{\"@type\":\"WebPage\",\"@id\":\"https:\/\/vjautomacao.com.br\/es\/blog\/\",\"url\":\"https:\/\/vjautomacao.com.br\/es\/blog\/\",\"name\":\"Blog - VJ Automa\u00e7\u00e3o\",\"isPartOf\":{\"@id\":\"https:\/\/vjautomacao.com.br\/es\/#website\"},\"datePublished\":\"2025-07-28T18:06:07+00:00\",\"dateModified\":\"2025-08-08T20:02:11+00:00\",\"breadcrumb\":{\"@id\":\"https:\/\/vjautomacao.com.br\/es\/blog\/#breadcrumb\"},\"inLanguage\":\"es\",\"potentialAction\":[{\"@type\":\"ReadAction\",\"target\":[\"https:\/\/vjautomacao.com.br\/es\/blog\/\"]}]},{\"@type\":\"BreadcrumbList\",\"@id\":\"https:\/\/vjautomacao.com.br\/es\/blog\/#breadcrumb\",\"itemListElement\":[{\"@type\":\"ListItem\",\"position\":1,\"name\":\"In\u00edcio\",\"item\":\"https:\/\/vjautomacao.com.br\/es\"},{\"@type\":\"ListItem\",\"position\":2,\"name\":\"Blog\"}]},{\"@type\":\"WebSite\",\"@id\":\"https:\/\/vjautomacao.com.br\/es\/#website\",\"url\":\"https:\/\/vjautomacao.com.br\/es\/\",\"name\":\"VJ Automa\u00e7\u00e3o\",\"description\":\"\",\"potentialAction\":[{\"@type\":\"SearchAction\",\"target\":{\"@type\":\"EntryPoint\",\"urlTemplate\":\"https:\/\/vjautomacao.com.br\/es\/?s={search_term_string}\"},\"query-input\":{\"@type\":\"PropertyValueSpecification\",\"valueRequired\":true,\"valueName\":\"search_term_string\"}}],\"inLanguage\":\"es\"}]}<\/script>\n<!-- \/ Yoast SEO plugin. -->","yoast_head_json":{"title":"Blog - VJ Automa\u00e7\u00e3o","robots":{"index":"index","follow":"follow","max-snippet":"max-snippet:-1","max-image-preview":"max-image-preview:large","max-video-preview":"max-video-preview:-1"},"canonical":"https:\/\/vjautomacao.com.br\/es\/blog\/","og_locale":"es_ES","og_type":"article","og_title":"Blog - VJ Automa\u00e7\u00e3o","og_description":"Insights que conectam ind\u00fastria e inova\u00e7\u00e3o Fique por dentro das tend\u00eancias em automa\u00e7\u00e3o, Ind\u00fastria 4.0 e efici\u00eancia operacional Search Dicas Gest\u00e3o Industrial Insights sobre automa\u00e7\u00e3o Novidades no setor Tecnologia &amp; Inova\u00e7\u00e3o Todas","og_url":"https:\/\/vjautomacao.com.br\/es\/blog\/","og_site_name":"VJ Automa\u00e7\u00e3o","article_modified_time":"2025-08-08T20:02:11+00:00","og_image":[{"width":1200,"height":628,"url":"https:\/\/vjautomacao.com.br\/wp-content\/uploads\/2025\/08\/banner-compartilhamento.png","type":"image\/png"}],"twitter_card":"summary_large_image","twitter_misc":{"Tiempo de lectura":"1 minuto"},"schema":{"@context":"https:\/\/schema.org","@graph":[{"@type":"WebPage","@id":"https:\/\/vjautomacao.com.br\/es\/blog\/","url":"https:\/\/vjautomacao.com.br\/es\/blog\/","name":"Blog - VJ Automa\u00e7\u00e3o","isPartOf":{"@id":"https:\/\/vjautomacao.com.br\/es\/#website"},"datePublished":"2025-07-28T18:06:07+00:00","dateModified":"2025-08-08T20:02:11+00:00","breadcrumb":{"@id":"https:\/\/vjautomacao.com.br\/es\/blog\/#breadcrumb"},"inLanguage":"es","potentialAction":[{"@type":"ReadAction","target":["https:\/\/vjautomacao.com.br\/es\/blog\/"]}]},{"@type":"BreadcrumbList","@id":"https:\/\/vjautomacao.com.br\/es\/blog\/#breadcrumb","itemListElement":[{"@type":"ListItem","position":1,"name":"In\u00edcio","item":"https:\/\/vjautomacao.com.br\/es"},{"@type":"ListItem","position":2,"name":"Blog"}]},{"@type":"WebSite","@id":"https:\/\/vjautomacao.com.br\/es\/#website","url":"https:\/\/vjautomacao.com.br\/es\/","name":"VJ Automa\u00e7\u00e3o","description":"","potentialAction":[{"@type":"SearchAction","target":{"@type":"EntryPoint","urlTemplate":"https:\/\/vjautomacao.com.br\/es\/?s={search_term_string}"},"query-input":{"@type":"PropertyValueSpecification","valueRequired":true,"valueName":"search_term_string"}}],"inLanguage":"es"}]}},"_links":{"self":[{"href":"https:\/\/vjautomacao.com.br\/es\/wp-json\/wp\/v2\/pages\/330","targetHints":{"allow":["GET"]}}],"collection":[{"href":"https:\/\/vjautomacao.com.br\/es\/wp-json\/wp\/v2\/pages"}],"about":[{"href":"https:\/\/vjautomacao.com.br\/es\/wp-json\/wp\/v2\/types\/page"}],"author":[{"embeddable":true,"href":"https:\/\/vjautomacao.com.br\/es\/wp-json\/wp\/v2\/users\/1"}],"replies":[{"embeddable":true,"href":"https:\/\/vjautomacao.com.br\/es\/wp-json\/wp\/v2\/comments?post=330"}],"version-history":[{"count":0,"href":"https:\/\/vjautomacao.com.br\/es\/wp-json\/wp\/v2\/pages\/330\/revisions"}],"wp:attachment":[{"href":"https:\/\/vjautomacao.com.br\/es\/wp-json\/wp\/v2\/media?parent=330"}],"curies":[{"name":"wp","href":"https:\/\/api.w.org\/{rel}","templated":true}]}}